{"id":4151,"date":"2023-10-17T15:48:16","date_gmt":"2023-10-17T13:48:16","guid":{"rendered":"https:\/\/helomi.at\/?page_id=4151"},"modified":"2025-06-29T10:31:09","modified_gmt":"2025-06-29T08:31:09","slug":"agb","status":"publish","type":"page","link":"https:\/\/helomi.at\/index.php\/agb\/","title":{"rendered":"Allgemeine Gesch\u00e4ftsbedingungen"},"content":{"rendered":"<div  class='flex_column av-29zox3-6b1b7f79e39f84b10de44bac576a59dc av_one_full  avia-builder-el-0  avia-builder-el-no-sibling  first flex_column_div  '     ><section  class='av_textblock_section av-lnuds186-77560f888f126299bd4591c56464e031 '   itemscope=\"itemscope\" itemtype=\"https:\/\/schema.org\/CreativeWork\" ><div class='avia_textblock'  itemprop=\"text\" ><p><strong>ALLGEMEINE GESCH\u00c4FTSBEDINGUNGEN<\/strong><\/p>\n<p><b><span data-contrast=\"auto\">Stornierung<\/span><\/b><\/p>\n<p><span data-contrast=\"auto\">Stornierungen k\u00f6nnen schriftlich (per E-Mail oder\u00a0Whats-App) oder telefonisch erfolgen. Folgende Stornierungsbedingungen gelten:<\/span><\/p>\n<ul>\n<li data-aria-posinset=\"1\" data-aria-level=\"2\"><em>Bis zu 14 Tage vor Mietbeginn<\/em><span data-contrast=\"auto\"><em>:<\/em> kostenfreie Stornierung<\/span><\/li>\n<li data-aria-posinset=\"2\" data-aria-level=\"2\"><em>Zwischen 14 und 2 Tagen vor Mietbeginn<\/em><span data-contrast=\"auto\"><em>:<\/em> 50% des Mietpreises<\/span><\/li>\n<li data-aria-posinset=\"3\" data-aria-level=\"2\"><em>Weniger als 2 Tage vor Mietbeginn<\/em><span data-contrast=\"auto\"><em>:<\/em> 100% des Mietpreises<\/span><\/li>\n<\/ul>\n<p><span data-contrast=\"auto\">Im Falle einer Stornierung durch den Vermieter aufgrund unvorhergesehener Umst\u00e4nde (z.B. technische Defekte des K\u00fchlanh\u00e4ngers) wird der gesamte bereits gezahlte Mietpreis erstattet. Dar\u00fcber hinausgehende Anspr\u00fcche des Mieters sind ausgeschlossen.<\/span><\/p>\n<p><span data-contrast=\"auto\">Der Vermieter und der Mieter haben das Recht, den Mietvertrag aus wichtigen Gr\u00fcnden, die eine Fortsetzung des Mietverh\u00e4ltnisses unzumutbar machen, fristlos zu k\u00fcndigen. Wichtige Gr\u00fcnde sind insbesondere grobe Vertragsverletzungen oder Verst\u00f6\u00dfe gegen gesetzliche Bestimmungen.<\/span><\/p>\n<p><strong>Versicherung<\/strong><\/p>\n<p>Der K\u00fchl- und Gefrieranh\u00e4nger ist versichert. Bei einem Schadensfall hat der Mieter \/ die Mieterin einen Selbstbehalt in H\u00f6he von \u20ac 750,00 zu tragen.<\/p>\n<p><strong>Zustand des Fahrzeuges<\/strong> <strong>\/ Anh\u00e4nger \/ Maschine<\/strong><\/p>\n<p>Der Vermieter \u00fcbergibt der Mieterin \/ dem Mieter ein Fahrzeug \/ den Anh\u00e4nger \/ die Maschine in technisch einwandfreiem, gebrauchsf\u00e4higem und verkehrssicherem Zustand.<\/p>\n<p>S\u00e4mtliche vorgefundenen Besch\u00e4digungen beeintr\u00e4chtigen die Gebrauchstauglichkeit nicht. Es findet eine pers\u00f6nliche \u00dcbergabe statt bei der alle Vorsch\u00e4den und M\u00e4ngel festgehalten werden, soweit notwendig.<\/p>\n<p><strong>Mieterin \/ Mieter<\/strong><\/p>\n<p>Die Mieterin bzw. der Mieter ist Vertragspartner:in des Mietverh\u00e4ltnisses und gibt im Rahmen der Buchung die daf\u00fcr erforderlichen pers\u00f6nlichen Daten bekannt. Der Anh\u00e4nger darf nur von Personen gef\u00fchrt werden, die im Besitz eines g\u00fcltigen F\u00fchrerscheins der Klasse BE sind. Die Verantwortung daf\u00fcr, dass ausschlie\u00dflich dazu berechtigte Personen den Anh\u00e4nger bewegen, liegt bei der Mieterin bzw. dem Mieter.<\/p>\n<p>Pflichten der Mieterin \/ des Mieters bei Nutzung des Fahrzeuges \/ des Anh\u00e4ngers \/ der Maschine:<\/p>\n<ul>\n<li>Die Mieterin \/ der Mieter darf das Fahrzeuges \/ den Anh\u00e4nger \/ die Maschine nicht an Dritte \u00fcbergeben, es sei denn, der Vermieter erteilt vorher seine schriftliche Zustimmung.<\/li>\n<li>Die Mieterin \/ der Mieter verpflichtet sich, das Fahrzeug \/ den Anh\u00e4nger \/ die Maschine sorgf\u00e4ltig und gewissenhaft zu behandeln. Dies bedeutet insbesondere,\u00a0dass er das\u00a0Fahrzeug \/ den Anh\u00e4nger \/ die Maschine\u00a0ausschlie\u00dflich auf gesicherten Stellpl\u00e4tzen abstellen darf, und dass das Fahrzeug \/ der Anh\u00e4nger \/ die Maschine mit einem Schloss zu sichern ist.<\/li>\n<li>Die Mieterin \/ der Mieter darf an dem Fahrzeug \/ dem Anh\u00e4nger \/ der Maschine keine technischen Ver\u00e4nderungen vornehmen. Die Mieterin \/ der Mieter darf das Fahrzeuge \/ den Anh\u00e4nger \/ die Maschine optisch nicht ver\u00e4ndern, insbesondere nicht durch Lackierungen, Aufklebern oder Klebefolien.<\/li>\n<li>Die Mieterin \/ der Mieter darf das Fahrzeug \/ den Anh\u00e4nger \/ die Maschine ausschlie\u00dflich in \u00d6sterreich nutzen, alle anderen Ziele sind dem Vermieter mitzuteilen.<\/li>\n<li>Die Mieterin \/ der Mieter ist verpflichtet das Fahrzeug \/ den Anh\u00e4nger \/ die Maschine vor \u00dcberbeanspruchung in jeder Weise zu sch\u00fctzen.<\/li>\n<li>Die Mieterin \/ der Mieter versichert, dass seine Fahrerlaubnis nicht eingezogen oder vorl\u00e4ufig entzogen ist und kein Fahrverbot besteht sowie die entsprechende Fahrerlaubnis vorhanden ist. Die Mieterin \/ der Mieter versichert, dass das Fahrzeug nicht unter Einfluss von Alkohol oder anderer berauschender Mittel gef\u00fchrt wird.<\/li>\n<li>Eine Untervermietung ist nicht gestattet.<\/li>\n<\/ul>\n<p><strong>Gebrauchsbeeintr\u00e4chtigungen, Reparaturen<\/strong><\/p>\n<p>Die Mieterin \/ der Mieter ist berechtigt, ohne vorherige Zustimmung des Vermieters, kleine Instandsetzungen oder Reparaturen bis \u20ac 15,00 selbst auszuf\u00fchren oder in einer Fachwerkstatt auszuf\u00fchren lassen (z.B. Tausch einer Gl\u00fchbirne). Nach Vorlage des Kassenbons oder Rechnung erstattet der Vermieter der Mieterin \/ dem Mieter die Kosten, sofern nicht der Mieter durch ein Fehlverhalten (z.B. Bedienungsfehler) den Defekt selbst herbeigef\u00fchrt hat. Der Arbeitsaufwand des Mieters bei Eigenausf\u00fchrung der Instandsetzung oder Reparatur wird nicht verg\u00fctet. Stellt die Mieterin \/ der Mieter einen Defekt am Fahrzeug fest, der die Gebrauchstauglichkeit des Fahrzeuges erheblich einschr\u00e4nkt und Reparaturen in gr\u00f6\u00dferem Umfang erforderlich macht, so hat er den Vermieter unverz\u00fcglich zu benachrichtigen. Kann der Defekt durch eine kurzfristige Reparatur nicht behoben werden, so haben beide Vertragsparteien das Recht den Vertrag fristlos zu k\u00fcndigen. Die Mieterin \/ der Mieter bleibt zur Zahlung der vereinbarten Miete bis zum Eintritt des Defekts verpflichtet.<\/p>\n<p>Die Mieterin \/ der Mieter kann den Mietpreis f\u00fcr die Dauer der Gebrauchsbeeintr\u00e4chtigung durch technischen Defekt und \/ oder Reparatur anteilig mindern, sofern die Gebrauchsbeeintr\u00e4chtigung nicht durch ein Fehlverhalten der Mieterin \/ des Mieters (z.B. Bedienungsfehler) verursacht wurde.<\/p>\n<p><strong>Verhalten bei Verkehrsunf\u00e4llen, Haftung<\/strong><\/p>\n<p>Wird die Mieterin \/ der Mieter w\u00e4hrend der Nutzung des Fahrzeuges \/ des Anh\u00e4ngers \/ der Maschine verschuldet oder unverschuldet in einen Verkehrsunfall, Wildunfall, Brand oder \u00c4hnliches verwickelt, so hat er unverz\u00fcglich f\u00fcr eine polizeiliche Aufnahme des Unfalls bzw. Schadenshergangs zu sorgen. Der Mieter \/ die Mieterin hat dem Vermieter ferner einen schriftlichen Unfallbericht ggf. mit Unfallskizze zu \u00fcbergeben, der Mieter \/ die Mieterin hat darin auch den Namen und Adresse des Beteiligten und Zeugen schriftlich festzuhalten.<\/p>\n<p>Es gelten die gesetzlichen Haftungsregeln. Keine Haftung der Mieterin \/ des Mieters besteht, soweit der Vermieter f\u00fcr die entstandenen Sch\u00e4den des Unfallgegners, sonstigen unfallbeteiligten Dritten oder von der bestehenden Kaskoversicherung oder anderweitig Ersatz erlangt.<\/p>\n<p>Der Mieter \/ die Mieterin haftet f\u00fcr alle Sch\u00e4den am Fahrzeug \/ am Anh\u00e4nger \/ an der Maschine, die aufgrund von Bedienungsfehlern, \u00dcberbeanspruchung oder Verletzung sonstiger Pflichten unter anderem aus diesem Vertrag w\u00e4hrend der Mietzeit zur\u00fcckzuf\u00fchren sind. Der Mieter \/ die Mieterin haftet in gleicher Weise f\u00fcr Sch\u00e4den, die durch seine Angeh\u00f6rigen, Arbeiter, Angestellten, Beifahrer oder sonstige, durch oder \u00fcber den Mieter mit dem Fahrzeug \/ dem Anh\u00e4nger \/ der Maschine in Ber\u00fchrung gekommene Dritte schuldhaft verursacht worden sind, soweit er es schuldhaft unterl\u00e4sst die zur\u00a0Durchsetzung etwaiger Ersatzanspr\u00fcche des Vermieters notwendigen Feststellungen zur Person und zur Sache beweiskr\u00e4ftig festzustellen.<\/p>\n<p>Die Mieterin \/ der Mieter haftet auch dann, wenn der Schaden erst nach R\u00fcckgabe des Fahrzeuges \/ des Anh\u00e4ngers \/ der Maschine festgestellt wird. Der Vermieter muss in diesem Fall nachweisen, dass in der Zwischenzeit das Fahrzeug \/ der Anh\u00e4nger \/ die Maschine nicht durch ihn oder einen Dritten bedient wurde.<\/p>\n<p>Die Einhaltung der bestehenden Gesetze und Verordnungen, insbesondere der Stra\u00dfenverkehrsordnung, w\u00e4hrend der Nutzung des Fahrzeuges \/ des Anh\u00e4ngers \/ der Maschine ist ausschlie\u00dflich Sache der Mieterin \/ dem Mieter. Die Mieterin \/ der Mieter stellt den Vermieter von s\u00e4mtlichen Bu\u00df- und Verwarnungsgeldern, Geb\u00fchren oder sonstigen Kosten frei, die Beh\u00f6rden anl\u00e4sslich solcher Verst\u00f6\u00dfe gegen den Vermieter erheben.<\/p>\n<p>Wird bei der R\u00fcckgabe des Fahrzeuges ein Schaden festgestellt, der in diesem Vertrag bzw. im \u00dcbergabeprotokoll nicht aufgef\u00fchrt worden ist, so wird vermutet, dass die Mieterin \/ der Mieter den Schaden selbst zu vertreten hat, es sei denn, er weist nach, dass der Schaden bereits bei der \u00dcbernahme des Fahrzeuges bestanden hat.<\/p>\n<p><strong>Schriftform<\/strong><\/p>\n<p>M\u00fcndliche Nebenabreden zu diesem Vertrag bestehen nicht. \u00c4nderungen und Erg\u00e4nzungen dieses Vertrages bed\u00fcrfen der Schriftform. Dies gilt auch f\u00fcr die Aufhebung des Schriftformerfordernisses.<\/p>\n<p><strong>Salvatoresche Klausel<\/strong><\/p>\n<p>Sollten einzelne Bestimmungen dieses Vertrages unwirksam oder undurchf\u00fchrbar sein bzw. nach Vertragsabschluss unwirksam oder undurchf\u00fchrbar werden, so wird dadurch die Wirksamkeit des \u00fcbrigen Vertrages nicht ber\u00fchrt. An die Stelle der unwirksamen oder undurchf\u00fchrbaren Bestimmungen soll diejenige wirksame und durchf\u00fchrbare Regelung treten, deren Wirkung der wirtschaftlichen Zielsetzung m\u00f6glichst nahekommt, die die Vertragsparteien mit der unwirksamen oder undurchf\u00fchrbaren Bestimmung verfolgt haben.<\/p>\n<\/div><\/section><\/div>\n","protected":false},"excerpt":{"rendered":"","protected":false},"author":1,"featured_media":0,"parent":0,"menu_order":0,"comment_status":"closed","ping_status":"closed","template":"","meta":{"footnotes":""},"class_list":["post-4151","page","type-page","status-publish","hentry"],"_links":{"self":[{"href":"https:\/\/helomi.at\/index.php\/wp-json\/wp\/v2\/pages\/4151","targetHints":{"allow":["GET"]}}],"collection":[{"href":"https:\/\/helomi.at\/index.php\/wp-json\/wp\/v2\/pages"}],"about":[{"href":"https:\/\/helomi.at\/index.php\/wp-json\/wp\/v2\/types\/page"}],"author":[{"embeddable":true,"href":"https:\/\/helomi.at\/index.php\/wp-json\/wp\/v2\/users\/1"}],"replies":[{"embeddable":true,"href":"https:\/\/helomi.at\/index.php\/wp-json\/wp\/v2\/comments?post=4151"}],"version-history":[{"count":7,"href":"https:\/\/helomi.at\/index.php\/wp-json\/wp\/v2\/pages\/4151\/revisions"}],"predecessor-version":[{"id":4343,"href":"https:\/\/helomi.at\/index.php\/wp-json\/wp\/v2\/pages\/4151\/revisions\/4343"}],"wp:attachment":[{"href":"https:\/\/helomi.at\/index.php\/wp-json\/wp\/v2\/media?parent=4151"}],"curies":[{"name":"wp","href":"https:\/\/api.w.org\/{rel}","templated":true}]}}